{"id":1133,"date":"2016-10-26T13:41:37","date_gmt":"2016-10-26T13:41:37","guid":{"rendered":"http:\/\/highrise.mikado-themes.com\/?page_id=1133"},"modified":"2024-10-04T15:29:43","modified_gmt":"2024-10-04T13:29:43","slug":"about-us","status":"publish","type":"page","link":"https:\/\/www.icpartners.it\/en\/about-us\/","title":{"rendered":"Who we are"},"content":{"rendered":"<div class=\"wpb-content-wrapper\"><div class=\"vc_row wpb_row vc_row-fluid mkd-section vc_custom_1480589679722 mkd-content-aligment-left mkd-grid-section\" style=\"\"><div class=\"clearfix mkd-section-inner\"><div class=\"mkd-section-inner-margin clearfix\"><div class=\"wpb_column vc_column_container vc_col-sm-12 vc_col-md-6\"><div class=\"vc_column-inner\"><div class=\"wpb_wrapper\"><div class=\"vc_empty_space\"   style=\"height: 9px\"><span class=\"vc_empty_space_inner\"><\/span><\/div>\n\t<div class=\"wpb_text_column wpb_content_element\" >\n\t\t<div class=\"wpb_wrapper\">\n\t\t\t<h2>IC&amp;Partners<\/h2>\n\n\t\t<\/div>\n\t<\/div>\n<div class=\"mkd-separator-holder clearfix  mkd-separator-left\">\n\t<div class=\"mkd-separator\" style=\"border-color: #d2d3d3;width: 40px;border-bottom-width: 3px;margin-top: 20px;margin-bottom: 23px\"><\/div>\n<\/div>\n\n<div class=\"mkd-custom-font-holder\" style=\"font-family: raleway;font-size: 19px;line-height: 31px;font-weight: 500;color: #747474\" data-font-size= \"19\" data-line-height= \"31\">\n\tInternationalization consulting is made of large assets \u2013 of knowledge and experience.<\/div><div class=\"vc_empty_space\"   style=\"height: 9px\"><span class=\"vc_empty_space_inner\"><\/span><\/div>\n\t<div class=\"wpb_text_column wpb_content_element\" >\n\t\t<div class=\"wpb_wrapper\">\n\t\t\t<p style=\"text-align: justify;\">IC&amp;Partners is an internationalization consulting firm that works alongside companies to support their process of entry or development in foreign markets. IC&amp;Partners knows how to create value for companies that want to grow on global markets: its business internationalization consultants identify the best business opportunities abroad, design the suitable strategic path to catch such opportunities and support companies in the implementation of their internationalization plan.<\/p>\n<p style=\"text-align: justify;\">In the consulting approach of IC&amp;Partners, clients are at the center of the internationalization process, with their specific characteristics and their objectives, so that we can help them to successfully complete their process of growth abroad.<\/p>\n\n\t\t<\/div>\n\t<\/div>\n<div class=\"vc_empty_space\"   style=\"height: 34px\"><span class=\"vc_empty_space_inner\"><\/span><\/div><\/div><\/div><\/div><div class=\"wpb_column vc_column_container vc_col-sm-12 vc_col-md-6\"><div class=\"vc_column-inner\"><div class=\"wpb_wrapper\"><div class=\"vc_empty_space  vc_custom_1563496198159\"   style=\"height: 120px\"><span class=\"vc_empty_space_inner\"><\/span><\/div>    <div class=\"mkd-video-banner-holder\">\n        <a class=\"mkd-video-banner-link\" href=\"https:\/\/www.youtube.com\/watch?v=MuSCelEeKWw&#038;t\" data-rel=\"prettyPhoto[328625373]\">\n\n                            <img loading=\"lazy\" decoding=\"async\" width=\"962\" height=\"490\" src=\"https:\/\/www.icpartners.it\/wp-content\/uploads\/2019\/09\/video_b.jpg\" class=\"attachment-full size-full\" alt=\"\" srcset=\"https:\/\/www.icpartners.it\/wp-content\/uploads\/2019\/09\/video_b.jpg 962w, https:\/\/www.icpartners.it\/wp-content\/uploads\/2019\/09\/video_b-300x153.jpg 300w, https:\/\/www.icpartners.it\/wp-content\/uploads\/2019\/09\/video_b-768x391.jpg 768w\" sizes=\"auto, (max-width: 962px) 100vw, 962px\" \/>            \n            <div class=\"mkd-video-banner-overlay\">\n                <div class=\"mkd-video-banner-overlay-inner1\">\n                    <div class=\"mkd-video-banner-overlay-inner2\">\n\n                        \n                    \n                <div class=\"mkd-icon-holder\">\n                <\/div><!-- .icon-holder -->\n            <\/div>\n    <\/div>\n    <\/div><!-- .mkd-video-banner-overlay -->\n\n    <\/a>\n    <\/div><!-- .mkd-video-banner-holder -->\n<div class=\"vc_empty_space\"   style=\"height: 34px\"><span class=\"vc_empty_space_inner\"><\/span><\/div><\/div><\/div><\/div><\/div><\/div><\/div><div class=\"vc_row wpb_row vc_row-fluid mkd-section vc_custom_1568240640401 mkd-content-aligment-left mkd-grid-section\" style=\"\"><div class=\"clearfix mkd-section-inner\"><div class=\"mkd-section-inner-margin clearfix\"><div class=\"wpb_column vc_column_container vc_col-sm-12\"><div class=\"vc_column-inner\"><div class=\"wpb_wrapper\"><div class=\"mkd-st mkd-content-aligment-center\">\n    <div class=\"mkd-st-inner\">\n        <div class=\"mkd-st-title-holder\">\n            <h2 class=\"mkd-st-title\">\n            <span>Reasons to choose us<\/span>\n        <\/h2>\n    <\/div>\n\n    <div class=\"mkd-separator-holder clearfix  mkd-separator-center\">\n\t<div class=\"mkd-separator\" style=\"width: 40px;border-bottom-width: 2px;margin-top: 0px;margin-bottom: 30px\"><\/div>\n<\/div>\n\n    <div class=\"mkd-st-text-holder\" mkd-content-aligment-center>\n        <span class=\"mkd-st-text-text\"><\/span>\n    <\/div>\n<\/div>\n<\/div>\n<div class=\"mkd-custom-font-holder\" style=\"font-family: raleway;font-size: 19px;line-height: 31px;font-weight: 500;color: #747474\" data-font-size= \"19\" data-line-height= \"31\">\n\tInternationalization of companies: many reasons to choose a single partner.<\/div><div class=\"mkd-separator-holder clearfix  mkd-separator-left\">\n\t<div class=\"mkd-separator\" style=\"border-color: #d2d3d3;width: 40px;border-bottom-width: 3px;margin-top: 20px;margin-bottom: 23px\"><\/div>\n<\/div>\n<div class=\"vc_empty_space\"   style=\"height: 9px\"><span class=\"vc_empty_space_inner\"><\/span><\/div>\n\t<div class=\"wpb_text_column wpb_content_element\" >\n\t\t<div class=\"wpb_wrapper\">\n\t\t\t<p style=\"text-align: justify;\">IC&amp;Partners has over twenty years\u2019 experience in business internationalization consulting. Through its subsidiaries and its consultants, it is present in all foreign countries with the highest growth potential. It operates in a number of sectors and markets, and acts as a single partner with uniform procedures and standards to support internationalization processes and create value abroad for companies.<\/p>\n\n\t\t<\/div>\n\t<\/div>\n<div class=\"vc_empty_space\"   style=\"height: 34px\"><span class=\"vc_empty_space_inner\"><\/span><\/div><\/div><\/div><\/div><\/div><\/div><\/div><div class=\"vc_row wpb_row vc_row-fluid mkd-section vc_custom_1568240657337 mkd-content-aligment-left mkd-grid-section\" style=\"\"><div class=\"clearfix mkd-section-inner\"><div class=\"mkd-section-inner-margin clearfix\"><div class=\"wpb_column vc_column_container vc_col-sm-12 vc_col-md-4\"><div class=\"vc_column-inner\"><div class=\"wpb_wrapper\"><div class=\"mkd-animation-holder mkd-element-from-fade\" data-animation=\"mkd-element-from-fade\" data-animation-delay=\"200\"><div class=\"mkd-animation-inner\"><div class=\"mkd-iwt clearfix mkd-iwt-icon-left mkd-iwt-icon-small\">\n    <div class=\"mkd-iwt-icon-holder\">\n                    \n    <span class=\"mkd-icon-shortcode normal\"  data-hover-color=\"#0071b5\" data-color=\"#cbcbcb\">\n        \n            <i class=\"mkd-icon-simple-line-icon icon-chart mkd-icon-element\" style=\"color: #cbcbcb;font-size:40px;margin:0 0 0 0\" ><\/i>\n                <\/span>\n\n                <\/div>\n    <div class=\"mkd-iwt-content-holder\" >\n        <div class=\"mkd-iwt-title-holder\">\n            <h5 style=\"color: #0071b5\" class=\"mkd-iwt-title\">\n            Direct presence\non foreign markets        <\/h5>\n    <\/div>\n    <div class=\"mkd-iwt-text-holder\">\n        <p >Our foreign subsidiaries provide deep knowledge of the economic, social and legislation characteristics of each market, to make the difference in the competitive advantage of our clients.<\/p>\n\n            <\/div>\n<\/div>\n<\/div><\/div><\/div><div class=\"vc_empty_space\"   style=\"height: 30px\"><span class=\"vc_empty_space_inner\"><\/span><\/div><\/div><\/div><\/div><div class=\"wpb_column vc_column_container vc_col-sm-12 vc_col-md-4\"><div class=\"vc_column-inner\"><div class=\"wpb_wrapper\"><div class=\"mkd-animation-holder mkd-element-from-fade\" data-animation=\"mkd-element-from-fade\" data-animation-delay=\"400\"><div class=\"mkd-animation-inner\"><div class=\"mkd-iwt clearfix mkd-iwt-icon-left mkd-iwt-icon-small\">\n    <div class=\"mkd-iwt-icon-holder\">\n                    \n    <span class=\"mkd-icon-shortcode normal\"  data-hover-color=\"#0071b5\" data-color=\"#cbcbcb\">\n        \n            <i class=\"mkd-icon-simple-line-icon icon-globe mkd-icon-element\" style=\"color: #cbcbcb;font-size:40px\" ><\/i>\n                <\/span>\n\n                <\/div>\n    <div class=\"mkd-iwt-content-holder\" >\n        <div class=\"mkd-iwt-title-holder\">\n            <h5 style=\"color: #0071b5\" class=\"mkd-iwt-title\">\n            Your local temporary export manager        <\/h5>\n    <\/div>\n    <div class=\"mkd-iwt-text-holder\">\n        <p >A single advisor to drive your company through its entire internationalization process: from\nmarket choice to development plan on the target market<\/p>\n\n            <\/div>\n<\/div>\n<\/div><\/div><\/div><div class=\"vc_empty_space\"   style=\"height: 30px\"><span class=\"vc_empty_space_inner\"><\/span><\/div><\/div><\/div><\/div><div class=\"wpb_column vc_column_container vc_col-sm-12 vc_col-md-4\"><div class=\"vc_column-inner\"><div class=\"wpb_wrapper\"><div class=\"mkd-animation-holder mkd-element-from-fade\" data-animation=\"mkd-element-from-fade\" data-animation-delay=\"600\"><div class=\"mkd-animation-inner\"><div class=\"mkd-iwt clearfix mkd-iwt-icon-left mkd-iwt-icon-small\">\n    <div class=\"mkd-iwt-icon-holder\">\n                    \n    <span class=\"mkd-icon-shortcode normal\"  data-hover-color=\"#0071b5\" data-color=\"#cbcbcb\">\n        \n            <i class=\"mkd-icon-simple-line-icon icon-bubble mkd-icon-element\" style=\"color: #cbcbcb;font-size:40px\" ><\/i>\n                <\/span>\n\n                <\/div>\n    <div class=\"mkd-iwt-content-holder\" >\n        <div class=\"mkd-iwt-title-holder\">\n            <h5 style=\"color: #0071b5\" class=\"mkd-iwt-title\">\n            Your Italian partner abroad        <\/h5>\n    <\/div>\n    <div class=\"mkd-iwt-text-holder\">\n        <p >In any of our subsidiaries, our clients can count on a dedicated Italian contact person and on a team of local\nconsultants to ensure fluent and\u00a0effective communication with anyone\u00a0with whom they will possibly deal<\/p>\n\n            <\/div>\n<\/div>\n<\/div><\/div><\/div><div class=\"vc_empty_space\"   style=\"height: 30px\"><span class=\"vc_empty_space_inner\"><\/span><\/div><\/div><\/div><\/div><\/div><\/div><\/div><div class=\"vc_row wpb_row vc_row-fluid mkd-section vc_custom_1568240666143 mkd-content-aligment-left mkd-grid-section\" style=\"\"><div class=\"clearfix mkd-section-inner\"><div class=\"mkd-section-inner-margin clearfix\"><div class=\"wpb_column vc_column_container vc_col-sm-12 vc_col-md-4\"><div class=\"vc_column-inner\"><div class=\"wpb_wrapper\"><div class=\"mkd-animation-holder mkd-element-from-fade\" data-animation=\"mkd-element-from-fade\" data-animation-delay=\"200\"><div class=\"mkd-animation-inner\"><div class=\"mkd-iwt clearfix mkd-iwt-icon-left mkd-iwt-icon-small\">\n    <div class=\"mkd-iwt-icon-holder\">\n                    \n    <span class=\"mkd-icon-shortcode normal\"  data-hover-color=\"#0071b5\" data-color=\"#cbcbcb\">\n        \n            <i class=\"mkd-icon-simple-line-icon icon-user-follow mkd-icon-element\" style=\"color: #cbcbcb;font-size:40px\" ><\/i>\n                <\/span>\n\n                <\/div>\n    <div class=\"mkd-iwt-content-holder\" >\n        <div class=\"mkd-iwt-title-holder\">\n            <h5 style=\"color: #0071b5\" class=\"mkd-iwt-title\">\n            Sector-specific\nand functional specialization        <\/h5>\n    <\/div>\n    <div class=\"mkd-iwt-text-holder\">\n        <p >The contribution of IC&amp;Partners encompasses method, specialist skills and knowledge of the most important market sectors.<\/p>\n\n            <\/div>\n<\/div>\n<\/div><\/div><\/div><div class=\"vc_empty_space\"   style=\"height: 30px\"><span class=\"vc_empty_space_inner\"><\/span><\/div><\/div><\/div><\/div><div class=\"wpb_column vc_column_container vc_col-sm-12 vc_col-md-4\"><div class=\"vc_column-inner\"><div class=\"wpb_wrapper\"><div class=\"mkd-animation-holder mkd-element-from-fade\" data-animation=\"mkd-element-from-fade\" data-animation-delay=\"400\"><div class=\"mkd-animation-inner\"><div class=\"mkd-iwt clearfix mkd-iwt-icon-left mkd-iwt-icon-small\">\n    <div class=\"mkd-iwt-icon-holder\">\n                    \n    <span class=\"mkd-icon-shortcode normal\"  data-hover-color=\"#0071b5\" data-color=\"#cbcbcb\">\n        \n            <i class=\"mkd-icon-simple-line-icon icon-badge mkd-icon-element\" style=\"color: #cbcbcb;font-size:40px\" ><\/i>\n                <\/span>\n\n                <\/div>\n    <div class=\"mkd-iwt-content-holder\" >\n        <div class=\"mkd-iwt-title-holder\">\n            <h5 style=\"color: #0071b5\" class=\"mkd-iwt-title\">\n            A team\nwith solid experience        <\/h5>\n    <\/div>\n    <div class=\"mkd-iwt-text-holder\">\n        <p >An international,\u00a0multidisciplinary team of consultants\u00a0with solid managerial and professional experience,\nwho offer their expertise to clients from Italy and from our\u00a0subsidiaries abroad.<\/p>\n\n            <\/div>\n<\/div>\n<\/div><\/div><\/div><div class=\"vc_empty_space\"   style=\"height: 30px\"><span class=\"vc_empty_space_inner\"><\/span><\/div><\/div><\/div><\/div><div class=\"wpb_column vc_column_container vc_col-sm-12 vc_col-md-4\"><div class=\"vc_column-inner\"><div class=\"wpb_wrapper\"><div class=\"mkd-animation-holder mkd-element-from-fade\" data-animation=\"mkd-element-from-fade\" data-animation-delay=\"600\"><div class=\"mkd-animation-inner\"><div class=\"mkd-iwt clearfix mkd-iwt-icon-left mkd-iwt-icon-small\">\n    <div class=\"mkd-iwt-icon-holder\">\n                    \n    <span class=\"mkd-icon-shortcode normal\"  data-hover-color=\"#0071b5\" data-color=\"#cbcbcb\">\n        \n            <i class=\"mkd-icon-simple-line-icon icon-diamond mkd-icon-element\" style=\"color: #cbcbcb;font-size:40px\" ><\/i>\n                <\/span>\n\n                <\/div>\n    <div class=\"mkd-iwt-content-holder\" >\n        <div class=\"mkd-iwt-title-holder\">\n            <h5 style=\"color: #0071b5\" class=\"mkd-iwt-title\">\n            Standard methodologies        <\/h5>\n    <\/div>\n    <div class=\"mkd-iwt-text-holder\">\n        <p >A multinational group that combines and enhances the expertise of all the group companies into one professional context, with an identical methodological approach and the same quality standard.<\/p>\n\n            <\/div>\n<\/div>\n<\/div><\/div><\/div><div class=\"vc_empty_space\"   style=\"height: 30px\"><span class=\"vc_empty_space_inner\"><\/span><\/div><\/div><\/div><\/div><\/div><\/div><\/div><div class=\"vc_row wpb_row vc_row-fluid mkd-section vc_custom_1578961416575 mkd-content-aligment-left mkd-grid-section\" style=\"\"><div class=\"clearfix mkd-section-inner\"><div class=\"mkd-section-inner-margin clearfix\"><div class=\"wpb_column vc_column_container vc_col-sm-12\"><div class=\"vc_column-inner\"><div class=\"wpb_wrapper\">\t<div class=\"mkd-call-to-action normal mkd-light\">\n\n\t\t\t\t<div class=\"mkd-container-inner\">\n\t\t\t\t\t<div class=\"mkd-call-to-action-row-75-25 clearfix\" style=\"padding: 0 0 0 0;\">\n\t\t\t\t\t\t<div class=\"mkd-text-wrapper mkd-call-to-action-column1 mkd-call-to-action-cell\">\n\t\t\t\t\t\t\t\t\t<div class=\"mkd-call-to-action-text\" style=\"font-size: 19px\">\n<h5><span style=\"color: #ffffff;\">Do you want to internationalize your business through foreign direct investments? Do you want to export your products?<\/span><\/h5>\n<\/div>\n\t\t\t\t<\/div>\n\n\t\t\t\t\t\t\t\t\t<div class=\"mkd-button-wrapper mkd-call-to-action-column2 mkd-call-to-action-cell\" style =\"text-align: right ;\">\n\t\t\t\t\t\t<a itemprop=\"url\" href=\"https:\/\/www.icpartners.it\/en\/contatti\/\" target=\"_self\"  class=\"mkd-btn mkd-btn-medium mkd-btn-solid mkd-light mkd-btn-icon\"  >    <span class=\"mkd-btn-text\">Contact us<\/span>    <span aria-hidden=\"true\" class=\"mkd-icon-font-elegant arrow_carrot-right\" ><\/span><\/a>\t\t\t\t\t<\/div>\n\t\t\t\t\t\t\t<\/div>\n\t\t\t\t<\/div>\n\t\t\t<\/div>\n<\/div><\/div><\/div><\/div><\/div><\/div>\n<\/div>","protected":false},"excerpt":{"rendered":"IC&amp;Partners La consulenza per l\u2019internazionalizzazione \u00e8 fatta di grandi capitali: di conoscenza ed esperienza. IC&amp;Partners \u00e8 una societ\u00e0 di consulenza per l\u2019internazionalizzazione che opera accanto alle imprese supportandone il processo di ingresso o di sviluppo sui mercati esteri. IC&amp;Partners sa creare valore per le aziende...","protected":false},"author":1,"featured_media":0,"parent":0,"menu_order":0,"comment_status":"closed","ping_status":"closed","template":"full-width.php","meta":{"content-type":"","footnotes":""},"class_list":["post-1133","page","type-page","status-publish","hentry"],"_links":{"self":[{"href":"https:\/\/www.icpartners.it\/en\/wp-json\/wp\/v2\/pages\/1133","targetHints":{"allow":["GET"]}}],"collection":[{"href":"https:\/\/www.icpartners.it\/en\/wp-json\/wp\/v2\/pages"}],"about":[{"href":"https:\/\/www.icpartners.it\/en\/wp-json\/wp\/v2\/types\/page"}],"author":[{"embeddable":true,"href":"https:\/\/www.icpartners.it\/en\/wp-json\/wp\/v2\/users\/1"}],"replies":[{"embeddable":true,"href":"https:\/\/www.icpartners.it\/en\/wp-json\/wp\/v2\/comments?post=1133"}],"version-history":[{"count":56,"href":"https:\/\/www.icpartners.it\/en\/wp-json\/wp\/v2\/pages\/1133\/revisions"}],"predecessor-version":[{"id":18861,"href":"https:\/\/www.icpartners.it\/en\/wp-json\/wp\/v2\/pages\/1133\/revisions\/18861"}],"wp:attachment":[{"href":"https:\/\/www.icpartners.it\/en\/wp-json\/wp\/v2\/media?parent=1133"}],"curies":[{"name":"wp","href":"https:\/\/api.w.org\/{rel}","templated":true}]}}