{"id":20433,"date":"2025-02-27T14:13:02","date_gmt":"2025-02-27T13:13:02","guid":{"rendered":"https:\/\/www.icpartners.it\/?page_id=20433"},"modified":"2025-03-03T15:30:40","modified_gmt":"2025-03-03T14:30:40","slug":"human-international-resources","status":"publish","type":"page","link":"https:\/\/www.icpartners.it\/en\/servizi\/human-international-resources\/","title":{"rendered":"Human International Resources"},"content":{"rendered":"<div class=\"wpb-content-wrapper\"><div class=\"vc_row wpb_row vc_row-fluid mkd-section vc_custom_1562362858759 mkd-content-aligment-left mkd-grid-section\" style=\"\"><div class=\"clearfix mkd-section-inner\"><div class=\"mkd-section-inner-margin clearfix\"><div class=\"wpb_column vc_column_container vc_col-sm-12\"><div class=\"vc_column-inner\"><div class=\"wpb_wrapper\"><div data-mkd-parallax-speed=\"1\" class=\"vc_row wpb_row vc_inner vc_row-fluid mkd-section mkd-content-aligment-left mkd-grid-section\" style=\"\"><div class=\"mkd-section-inner\"><div class=\"mkd-section-inner-margin clearfix\"><div class=\"wpb_column vc_column_container vc_col-sm-12\"><div class=\"vc_column-inner\"><div class=\"wpb_wrapper\">\n\t<div class=\"wpb_text_column wpb_content_element\" >\n\t\t<div class=\"wpb_wrapper\">\n\t\t\t<p>Per le imprese che si sono strutturate con dipendenti all\u2019estero, la gestione della rendicontazione delle paghe comporta un impegno amministrativo importante perch\u00e9 richiede la conoscenza delle normative locali dei Paesi esteri: questa per\u00f2 pu\u00f2 essere affidata alle sedi estere di IC&amp;Partners che dispongono delle competenze per una gestione efficiente dell\u2019operativit\u00e0 del pay roll.<\/p>\n<p>Inoltre, nel caso di movimentazione di personale dipendente dalla sede italiana a sedi estere, a qualsiasi titolo questo avvenga, IC&amp;Partners supporta la gestione documentale, fiscale e previdenziale per la corretta organizzazione degli spostamenti all\u2019estero, sia in Europa sia in Paesi extra UE dove non sono presenti convenzioni bilaterali. La consulenza viene erogata dopo un\u2019analisi comparativa tra le diverse soluzioni possibili al fine di individuare la pi\u00f9 idonea e conveniente al caso specifico, per trovare una risposta economicamente vantaggiosa ed evitare di incorrere in sanzioni dovute alla mancata gestione del personale espatriato.<\/p>\n<p>The client company can thus focus its attention on higher value-added activities such as personnel selection and HR management.<\/p>\n\n\t\t<\/div>\n\t<\/div>\n<div class=\"vc_empty_space\"   style=\"height: 32px\"><span class=\"vc_empty_space_inner\"><\/span><\/div><\/div><\/div><\/div><\/div><\/div><\/div><\/div><\/div><\/div><\/div><\/div><\/div><div class=\"vc_row wpb_row vc_row-fluid mkd-section vc_custom_1572373101040 mkd-content-aligment-left mkd-grid-section\" style=\"\"><div class=\"clearfix mkd-section-inner\"><div class=\"mkd-section-inner-margin clearfix\"><div class=\"wpb_column vc_column_container vc_col-sm-12\"><div class=\"vc_column-inner\"><div class=\"wpb_wrapper\">\t<div class=\"mkd-call-to-action normal mkd-dark\">\n\n\t\t\t\t<div class=\"mkd-container-inner\">\n\t\t\t\t\t<div class=\"mkd-call-to-action-row-75-25 clearfix\" style=\"padding: 20px;\">\n\t\t\t\t\t\t<div class=\"mkd-text-wrapper mkd-call-to-action-column1 mkd-call-to-action-cell\">\n\t\t\t\t\t\t\t\t\t<div class=\"mkd-call-to-action-text\" style=\"font-size: 21px\">\n<h5><span style=\"color: #ffffff;\">Do you want to internationalize your business through foreign direct investments? Do you want to export your products?<\/span><\/h5>\n<\/div>\n\t\t\t\t<\/div>\n\n\t\t\t\t\t\t\t\t\t<div class=\"mkd-button-wrapper mkd-call-to-action-column2 mkd-call-to-action-cell\" style =\"text-align: right ;\">\n\t\t\t\t\t\t<a itemprop=\"url\" href=\"https:\/\/www.icpartners.it\/en\/contatti\/\" target=\"_self\"  class=\"mkd-btn mkd-btn-medium mkd-btn-solid mkd-dark mkd-btn-icon\"  >    <span class=\"mkd-btn-text\">Contact us<\/span>    <span aria-hidden=\"true\" class=\"mkd-icon-font-elegant arrow_carrot-right\" ><\/span><\/a>\t\t\t\t\t<\/div>\n\t\t\t\t\t\t\t<\/div>\n\t\t\t\t<\/div>\n\t\t\t<\/div>\n<\/div><\/div><\/div><\/div><\/div><\/div>\n<\/div>","protected":false},"excerpt":{"rendered":"Per le imprese che si sono strutturate con dipendenti all\u2019estero, la gestione della rendicontazione delle paghe comporta un impegno amministrativo importante perch\u00e9 richiede la conoscenza delle normative locali dei Paesi esteri: questa per\u00f2 pu\u00f2 essere affidata alle sedi estere di IC&amp;Partners che dispongono delle competenze...","protected":false},"author":1,"featured_media":0,"parent":1440,"menu_order":0,"comment_status":"closed","ping_status":"closed","template":"full-width.php","meta":{"content-type":"","footnotes":""},"class_list":["post-20433","page","type-page","status-publish","hentry"],"_links":{"self":[{"href":"https:\/\/www.icpartners.it\/en\/wp-json\/wp\/v2\/pages\/20433","targetHints":{"allow":["GET"]}}],"collection":[{"href":"https:\/\/www.icpartners.it\/en\/wp-json\/wp\/v2\/pages"}],"about":[{"href":"https:\/\/www.icpartners.it\/en\/wp-json\/wp\/v2\/types\/page"}],"author":[{"embeddable":true,"href":"https:\/\/www.icpartners.it\/en\/wp-json\/wp\/v2\/users\/1"}],"replies":[{"embeddable":true,"href":"https:\/\/www.icpartners.it\/en\/wp-json\/wp\/v2\/comments?post=20433"}],"version-history":[{"count":4,"href":"https:\/\/www.icpartners.it\/en\/wp-json\/wp\/v2\/pages\/20433\/revisions"}],"predecessor-version":[{"id":20469,"href":"https:\/\/www.icpartners.it\/en\/wp-json\/wp\/v2\/pages\/20433\/revisions\/20469"}],"up":[{"embeddable":true,"href":"https:\/\/www.icpartners.it\/en\/wp-json\/wp\/v2\/pages\/1440"}],"wp:attachment":[{"href":"https:\/\/www.icpartners.it\/en\/wp-json\/wp\/v2\/media?parent=20433"}],"curies":[{"name":"wp","href":"https:\/\/api.w.org\/{rel}","templated":true}]}}