{"id":7716,"date":"2019-09-19T21:02:45","date_gmt":"2019-09-19T21:02:45","guid":{"rendered":"https:\/\/www.icpartners.it\/?page_id=7716"},"modified":"2025-02-27T12:55:11","modified_gmt":"2025-02-27T11:55:11","slug":"mybridge","status":"publish","type":"page","link":"https:\/\/www.icpartners.it\/en\/servizi\/export-consulting\/mybridge\/","title":{"rendered":"MyBridge"},"content":{"rendered":"<div class=\"wpb-content-wrapper\"><div class=\"vc_row wpb_row vc_row-fluid mkd-section vc_custom_1562362522783 mkd-content-aligment-left mkd-grid-section\" style=\"\"><div class=\"clearfix mkd-section-inner\"><div class=\"mkd-section-inner-margin clearfix\"><div class=\"wpb_column vc_column_container vc_col-sm-12\"><div class=\"vc_column-inner\"><div class=\"wpb_wrapper\">\n\t<div class=\"wpb_text_column wpb_content_element\" >\n\t\t<div class=\"wpb_wrapper\">\n\t\t\t<p class=\"translation-block\">MyBridge offers a continuing monitoring of the foreign market thanks to the on-site presence of a professional expert. The company can thus count on a manager who, through collaboration in outsourcing, knows and operates directly on the territory.<\/p>\n<p>The key to success of a business abroad is knowing the specific characteristics of the market and creating direct contacts both upstream, with suppliers, and downstream, with distributors.<\/p>\n<p class=\"translation-block\">MyBridge puts an expert at the disposal of a company who operates on the foreign market and represents the company, combining expertise and direct presence with the typical flexibility of temporary management. The service meets the need for continuing monitoring of a market over a certain period, usually one year. The relevant contents are defined pursuant to the company\u2019s needs on account management, business promotion and development, and business mission assistance. The service includes reports on the activities carried out on a monthly basis.<\/p>\n\n\t\t<\/div>\n\t<\/div>\n<div class=\"vc_empty_space\"   style=\"height: 64px\"><span class=\"vc_empty_space_inner\"><\/span><\/div><\/div><\/div><\/div><\/div><\/div><\/div><div class=\"vc_row wpb_row vc_row-fluid mkd-section vc_custom_1562362624421 mkd-content-aligment-left\" style=\"\"><div class=\"clearfix mkd-full-section-inner\"><div class=\"wpb_column vc_column_container vc_col-sm-12\"><div class=\"vc_column-inner\"><div class=\"wpb_wrapper\"><\/div><\/div><\/div><\/div><\/div>\n<\/div>","protected":false},"excerpt":{"rendered":"MyBridge\u00a0offre il presidio continuativo del mercato estero grazie alla presenza di un professionista in loco. L\u2019azienda pu\u00f2 cos\u00ec contare su un manager che, con una modalit\u00e0 di collaborazione in outsourcing, conosce e opera direttamente sul territorio. La chiave per il successo di un business all\u2019estero...","protected":false},"author":1,"featured_media":0,"parent":6999,"menu_order":0,"comment_status":"closed","ping_status":"closed","template":"full-width.php","meta":{"content-type":"","footnotes":""},"class_list":["post-7716","page","type-page","status-publish","hentry"],"_links":{"self":[{"href":"https:\/\/www.icpartners.it\/en\/wp-json\/wp\/v2\/pages\/7716","targetHints":{"allow":["GET"]}}],"collection":[{"href":"https:\/\/www.icpartners.it\/en\/wp-json\/wp\/v2\/pages"}],"about":[{"href":"https:\/\/www.icpartners.it\/en\/wp-json\/wp\/v2\/types\/page"}],"author":[{"embeddable":true,"href":"https:\/\/www.icpartners.it\/en\/wp-json\/wp\/v2\/users\/1"}],"replies":[{"embeddable":true,"href":"https:\/\/www.icpartners.it\/en\/wp-json\/wp\/v2\/comments?post=7716"}],"version-history":[{"count":3,"href":"https:\/\/www.icpartners.it\/en\/wp-json\/wp\/v2\/pages\/7716\/revisions"}],"predecessor-version":[{"id":20415,"href":"https:\/\/www.icpartners.it\/en\/wp-json\/wp\/v2\/pages\/7716\/revisions\/20415"}],"up":[{"embeddable":true,"href":"https:\/\/www.icpartners.it\/en\/wp-json\/wp\/v2\/pages\/6999"}],"wp:attachment":[{"href":"https:\/\/www.icpartners.it\/en\/wp-json\/wp\/v2\/media?parent=7716"}],"curies":[{"name":"wp","href":"https:\/\/api.w.org\/{rel}","templated":true}]}}