{"id":8956,"date":"2019-10-23T10:20:54","date_gmt":"2019-10-23T10:20:54","guid":{"rendered":"http:\/\/www.icpartners.it\/?page_id=8956"},"modified":"2021-07-27T11:05:40","modified_gmt":"2021-07-27T09:05:40","slug":"cv","status":"publish","type":"page","link":"https:\/\/www.icpartners.it\/en\/cv\/","title":{"rendered":"INFORMATIVA SUL TRATTAMENTO DATI PERSONALI DEI CANDIDATI"},"content":{"rendered":"<div class=\"wpb-content-wrapper\"><div class=\"vc_row wpb_row vc_row-fluid mkd-section vc_custom_1480605611245 mkd-content-aligment-left mkd-grid-section\" style=\"\"><div class=\"clearfix mkd-section-inner\"><div class=\"mkd-section-inner-margin clearfix\"><div class=\"wpb_column vc_column_container vc_col-sm-12 vc_col-lg-6\"><div class=\"vc_column-inner\"><div class=\"wpb_wrapper\">\n\t<div class=\"wpb_text_column wpb_content_element\" >\n\t\t<div class=\"wpb_wrapper\">\n\t\t\t<p><em>Informativa ai sensi e per gli effetti di cui agli artt. <\/em><em>13-14, Reg UE 2016\/679, nonch\u00e9 art. 13 D.Lgs. 196\/2003 (cd. <\/em><em>Codice Privacy)<\/em><\/p>\n<p>Ai sensi dell\u2019art. 13 del D. Lgs. 30 giugno 2003, n. 196 denominato \u201cCodice in materia di protezione dei dati personali\u201d (nel prosieguo, il \u201cCodice Privacy\u201d), La informiamo che i dati personali (nel prosieguo, i \u201cDati\u201d) da Lei forniti a IC&amp;Partners Spa (nel prosieguo, la \u201cSociet\u00e0\u201d), all\u2019interno del Suo curriculum vitae, saranno trattati dalla stessa nell\u2019attivit\u00e0 di ricerca e selezione del personale.<\/p>\n<p>Si segnala che la presente Informativa contiene anche le informazioni richieste ai sensi dell\u2019art. 13 del Regolamento UE n. 679\/2016, relativo alla protezione delle persone fisiche con riguardo al trattamento dei dati personali (nel prosieguo, \u201cGDPR\u201d), ferme le modifiche e gli adattamenti che si renderanno necessari a seguito dell\u2019abrogazione, a decorrere dal 25 maggio 2018, del Codice Privacy, nonch\u00e9 di interventi legislativi europei o nazionali e\/o provvedimenti delle Autorit\u00e0 di controllo successivi alla pubblicazione della presente.<\/p>\n<ol>\n<li>BASE GIURIDICA E FINALIT\u00c0 DEL TRATTAMENTO<\/li>\n<\/ol>\n<p>Il trattamento \u00e8 necessario all\u2019esecuzione di misure precontrattuali adottate su Sua richiesta. Pertanto i Suoi Dati verranno trattati dalla Societ\u00e0 per finalit\u00e0 connesse o strumentali allo svolgimento dell\u2019attivit\u00e0 di ricerca e selezione dei candidati.<\/p>\n<ol start=\"2\">\n<li>MODALITA\u2019 DEL TRATTAMENTO<\/li>\n<\/ol>\n<p>Il trattamento dei Suoi Dati sar\u00e0 improntato ai principi di correttezza, liceit\u00e0 e trasparenza e potr\u00e0 essere effettuato anche attraverso modalit\u00e0 automatizzate atte a memorizzarli, gestirli e trasmetterli ed avverr\u00e0 mediante strumenti idonei a garantire la sicurezza e la riservatezza tramite l\u2019utilizzo di idonee procedure che evitino il rischio di perdita, accesso non autorizzato, uso illecito e diffusione.<\/p>\n<ol start=\"3\">\n<li>PERIODO DI CONSERVAZIONE DEI DATI<\/li>\n<\/ol>\n<p>I Dati saranno inseriti nel database aziendale utilizzato per le attivit\u00e0 di selezione e conservati per 6 mesi all\u2019incirca, dipendentemente dalla durata del periodo di <em>recruitment<\/em>.<\/p>\n<p>Decorso tale periodo di conservazione, i Dati saranno distrutti\/cancellati\/resi anonimi.<\/p>\n<p>L\u2019azienda non tratta curriculum cartacei, pertanto ove venissero inviati CV cartacei le informazioni in essi contenute verranno digitalizzate, e successivamente si provveder\u00e0 alla loro distruzione.<\/p>\n<ol start=\"4\">\n<li>DIRITTI DELL&#8217;INTERESSATO<\/li>\n<\/ol>\n<p>Lei ha diritto di chiedere al Titolare l\u2019accesso ai Dati che la riguardano, la loro rettifica o la cancellazione, l\u2019integrazione dei Dati incompleti, la limitazione del trattamento; di ricevere i Dati in un formato strutturato, di uso comune e leggibile da dispositivo automatico; di revocare il consenso eventualmente prestato relativamente al trattamento dei Suoi Dati sensibili in qualsiasi momento ed opporsi in tutto od in parte, all\u2019utilizzo dei Dati; di proporre reclamo all\u2019Autorit\u00e0, nonch\u00e9 di esercitare gli altri diritti a Lei riconosciuti dalla disciplina applicabile ai sensi degli artt. 15-22 GDPR e art. 7 D.Lgs. 196\/03.<\/p>\n<p>Si fornisce in allegato una lista completa e dettagliata dei diritti che Le sono concessi, corredata dalle istruzioni per esercitare tali diritti.<\/p>\n<p>Tali diritti possono essere esercitati scrivendo a mezzo posta elettronica al seguente indirizzo e-mail: <a href=\"mailto:info@icpartners.it\">info@icpartners.it<\/a><\/p>\n<ol start=\"5\">\n<li>IDENTIT\u00c0 E DATI DI CONTATTO DEL TITOLARE DEL TRATTAMENTO<\/li>\n<\/ol>\n<p>Titolare del trattamento dei Suoi Dati \u00e8 IC&amp;Partners Spa, con sede legale in Udine, via Caterina Percoto 10, P.IVA 02322040300, nella persona del proprio legale rappresentante dott. Roberto Corciulo.<\/p>\n<ol start=\"6\">\n<li>AMBITO DI COMUNICAZIONE E DIFFUSIONE DEI DATI<\/li>\n<\/ol>\n<p>Il Titolare ha provveduto a designare per iscritto quali Incaricati del trattamento, ai sensi dell\u2019art. 30 del Codice Privacy e art. 29 GDPR, i dipendenti delle funzioni aziendali deputate al perseguimento delle finalit\u00e0 sopraindicate e a fornire loro adeguate istruzioni.<\/p>\n<p>I Dati potranno inoltre essere comunicati \u2013 previo Suo consenso &#8211; alle sedi estere controllate e collegate di IC&amp;Partners, sia UE che extra UE, le quali, in qualit\u00e0 di Contitolari del trattamento dei dati, hanno siglato un accordo con la nostra Societ\u00e0. A queste sedi sono state impartite adeguate istruzioni operative attraverso clausole contrattuali che garantiscono che i Dati saranno trattati conformemente ai principi stabiliti nel GDPR anche nel Paese terzo di destinazione.<\/p>\n\n\t\t<\/div>\n\t<\/div>\n<div class=\"vc_empty_space\"   style=\"height: 32px\"><span class=\"vc_empty_space_inner\"><\/span><\/div><div class=\"vc_empty_space\"   style=\"height: 32px\"><span class=\"vc_empty_space_inner\"><\/span><\/div><\/div><\/div><\/div><div class=\"wpb_column vc_column_container vc_col-sm-12 vc_col-lg-6\"><div class=\"vc_column-inner\"><div class=\"wpb_wrapper\">\n\t<div class=\"wpb_text_column wpb_content_element\" >\n\t\t<div class=\"wpb_wrapper\">\n\t\t\t<h2>Inviaci il tuo CV<\/h2>\n\n\t\t<\/div>\n\t<\/div>\n<div class=\"vc_empty_space\"   style=\"height: 32px\"><span class=\"vc_empty_space_inner\"><\/span><\/div>\n\t<div class=\"wpb_raw_code wpb_raw_html wpb_content_element\" >\n\t\t<div class=\"wpb_wrapper\">\n\t\t\t<script charset=\"utf-8\" type=\"text\/javascript\" src=\"\/\/js.hsforms.net\/forms\/shell.js\"><\/script>\n<script>\n  hbspt.forms.create({\n\tportalId: \"5555693\",\n\tformId: \"aa76a952-924d-44f1-bd5f-fb6de47ec4c4\"\n});\n<\/script>\n\t\t<\/div>\n\t<\/div>\n<div class=\"vc_empty_space\"   style=\"height: 30px\"><span class=\"vc_empty_space_inner\"><\/span><\/div><\/div><\/div><\/div><\/div><\/div><\/div>\n<\/div>","protected":false},"excerpt":{"rendered":"Informativa ai sensi e per gli effetti di cui agli artt. 13-14, Reg UE 2016\/679, nonch\u00e9 art. 13 D.Lgs. 196\/2003 (cd. Codice Privacy) Ai sensi dell\u2019art. 13 del D. Lgs. 30 giugno 2003, n. 196 denominato \u201cCodice in materia di protezione dei dati personali\u201d (nel...","protected":false},"author":1,"featured_media":0,"parent":0,"menu_order":0,"comment_status":"closed","ping_status":"closed","template":"full-width.php","meta":{"content-type":"","footnotes":""},"class_list":["post-8956","page","type-page","status-publish","hentry"],"_links":{"self":[{"href":"https:\/\/www.icpartners.it\/en\/wp-json\/wp\/v2\/pages\/8956","targetHints":{"allow":["GET"]}}],"collection":[{"href":"https:\/\/www.icpartners.it\/en\/wp-json\/wp\/v2\/pages"}],"about":[{"href":"https:\/\/www.icpartners.it\/en\/wp-json\/wp\/v2\/types\/page"}],"author":[{"embeddable":true,"href":"https:\/\/www.icpartners.it\/en\/wp-json\/wp\/v2\/users\/1"}],"replies":[{"embeddable":true,"href":"https:\/\/www.icpartners.it\/en\/wp-json\/wp\/v2\/comments?post=8956"}],"version-history":[{"count":8,"href":"https:\/\/www.icpartners.it\/en\/wp-json\/wp\/v2\/pages\/8956\/revisions"}],"predecessor-version":[{"id":15521,"href":"https:\/\/www.icpartners.it\/en\/wp-json\/wp\/v2\/pages\/8956\/revisions\/15521"}],"wp:attachment":[{"href":"https:\/\/www.icpartners.it\/en\/wp-json\/wp\/v2\/media?parent=8956"}],"curies":[{"name":"wp","href":"https:\/\/api.w.org\/{rel}","templated":true}]}}